{"id":28,"date":"2025-01-31T07:59:31","date_gmt":"2025-01-31T13:59:31","guid":{"rendered":"https:\/\/sports.setorreciclagem.com.br\/?page_id=28"},"modified":"2025-03-18T00:17:29","modified_gmt":"2025-03-18T03:17:29","slug":"contato","status":"publish","type":"page","link":"https:\/\/sports.setorreciclagem.com.br\/fr\/contato\/","title":{"rendered":"Contato"},"content":{"rendered":"<p>Tem alguma d\u00favida, sugest\u00e3o ou gostaria de entrar em contato conosco? Estamos aqui para ouvir voc\u00ea! No <strong>Sports Setor<\/strong>, valorizamos o seu feedback e estamos sempre prontos para ajudar.<\/p>\n\n\n\n<h3 class=\"wp-block-heading\">Forma de Contato:<\/h3>\n\n\n\n<ul class=\"wp-block-list\">\n<li><strong>E-mail<\/strong>: <a>contato@setorreciclagem.com.br<\/a><\/li>\n<\/ul>\n\n\n\n<p>Agradecemos por visitar o <strong>Sports Setor<\/strong> e por fazer parte da nossa comunidade esportiva!<\/p>\n\n\n\n<p><strong>Data: 17 de mar\u00e7o de 2025.<\/strong><\/p>","protected":false},"excerpt":{"rendered":"<p>Tem alguma d\u00favida, sugest\u00e3o ou gostaria de entrar em contato conosco? Estamos aqui para ouvir voc\u00ea! No Sports Setor, valorizamos o seu feedback e estamos sempre prontos para ajudar. Forma de Contato: Agradecemos por visitar o Sports Setor e por fazer parte da nossa comunidade esportiva! Data: 17 de mar\u00e7o de 2025.<\/p>","protected":false},"author":1,"featured_media":17,"parent":0,"menu_order":0,"comment_status":"closed","ping_status":"closed","template":"","meta":{"footnotes":""},"class_list":["post-28","page","type-page","status-publish","has-post-thumbnail","hentry"],"blocksy_meta":[],"_links":{"self":[{"href":"https:\/\/sports.setorreciclagem.com.br\/fr\/wp-json\/wp\/v2\/pages\/28","targetHints":{"allow":["GET"]}}],"collection":[{"href":"https:\/\/sports.setorreciclagem.com.br\/fr\/wp-json\/wp\/v2\/pages"}],"about":[{"href":"https:\/\/sports.setorreciclagem.com.br\/fr\/wp-json\/wp\/v2\/types\/page"}],"author":[{"embeddable":true,"href":"https:\/\/sports.setorreciclagem.com.br\/fr\/wp-json\/wp\/v2\/users\/1"}],"replies":[{"embeddable":true,"href":"https:\/\/sports.setorreciclagem.com.br\/fr\/wp-json\/wp\/v2\/comments?post=28"}],"version-history":[{"count":4,"href":"https:\/\/sports.setorreciclagem.com.br\/fr\/wp-json\/wp\/v2\/pages\/28\/revisions"}],"predecessor-version":[{"id":165,"href":"https:\/\/sports.setorreciclagem.com.br\/fr\/wp-json\/wp\/v2\/pages\/28\/revisions\/165"}],"wp:featuredmedia":[{"embeddable":true,"href":"https:\/\/sports.setorreciclagem.com.br\/fr\/wp-json\/wp\/v2\/media\/17"}],"wp:attachment":[{"href":"https:\/\/sports.setorreciclagem.com.br\/fr\/wp-json\/wp\/v2\/media?parent=28"}],"curies":[{"name":"wp","href":"https:\/\/api.w.org\/{rel}","templated":true}]}}